{"id":4400,"date":"2021-10-12T15:51:09","date_gmt":"2021-10-12T15:51:09","guid":{"rendered":"http:\/\/dummy.xtemos.com\/woodmart2\/elementor\/?page_id=4400"},"modified":"2024-09-19T13:39:46","modified_gmt":"2024-09-19T13:39:46","slug":"el-sueno","status":"publish","type":"page","link":"https:\/\/lamarquesaecuador.com\/en\/el-sueno\/","title":{"rendered":"El sue\u00f1o"},"content":{"rendered":"<div data-elementor-type=\"wp-page\" data-elementor-id=\"4400\" class=\"elementor elementor-4400\">\n\t\t\t\t\t\t<section class=\"wd-negative-gap elementor-section elementor-top-section elementor-element elementor-element-6565bae5 elementor-section-content-middle wd-section-stretch elementor-section-boxed elementor-section-height-default elementor-section-height-default\" data-id=\"6565bae5\" data-element_type=\"section\" data-settings=\"{&quot;background_background&quot;:&quot;classic&quot;}\">\n\t\t\t\t\t\t\t<div class=\"elementor-background-overlay\"><\/div>\n\t\t\t\t\t\t\t<div class=\"elementor-container elementor-column-gap-default\">\n\t\t\t\t\t<div class=\"elementor-column elementor-col-100 elementor-top-column elementor-element elementor-element-56d13dc1 color-scheme-light\" data-id=\"56d13dc1\" data-element_type=\"column\">\n\t\t\t<div class=\"elementor-widget-wrap elementor-element-populated\">\n\t\t\t\t\t\t<div class=\"elementor-element elementor-element-7d9b3755 wd-width-100 elementor-widget elementor-widget-wd_title\" data-id=\"7d9b3755\" data-element_type=\"widget\" data-widget_type=\"wd_title.default\">\n\t\t\t\t<div class=\"elementor-widget-container\">\n\t\t\t\t\t<div class=\"title-wrapper set-mb-s reset-last-child wd-title-color-white wd-title-style-default wd-title-size-extra-large text-left\">\n\n\t\t\t\n\t\t\t<div class=\"liner-continer\">\n\t\t\t\t<h4 class=\"woodmart-title-container title wd-fontsize-xxxl wd-underline-colored\">THE DREAM<\/h4> \n\t\t\t\t\t\t\t<\/div>\n\n\t\t\t\t\t<\/div>\n\t\t\t\t<\/div>\n\t\t\t\t<\/div>\n\t\t\t\t\t<\/div>\n\t\t<\/div>\n\t\t\t\t\t<\/div>\n\t\t<\/section>\n\t\t<div class=\"wd-negative-gap elementor-element elementor-element-62dfde1 e-flex e-con-boxed e-con e-parent\" data-id=\"62dfde1\" data-element_type=\"container\">\n\t\t\t\t\t<div class=\"e-con-inner\">\n\t\t<div class=\"elementor-element elementor-element-7857d53 e-con-full e-flex e-con e-child\" data-id=\"7857d53\" data-element_type=\"container\">\n\t\t\t\t<div class=\"elementor-element elementor-element-9d82637 elementor-widget elementor-widget-image\" data-id=\"9d82637\" data-element_type=\"widget\" data-widget_type=\"image.default\">\n\t\t\t\t<div class=\"elementor-widget-container\">\n\t\t\t\t\t\t\t\t\t\t\t\t\t<img fetchpriority=\"high\" decoding=\"async\" width=\"512\" height=\"512\" src=\"https:\/\/lamarquesaecuador.com\/wp-content\/uploads\/2024\/09\/cropped-WhatsApp-Image-2024-09-18-at-8.45.53-AM.jpeg\" class=\"attachment-large size-large wp-image-15642\" alt=\"\" srcset=\"https:\/\/lamarquesaecuador.com\/wp-content\/uploads\/2024\/09\/cropped-WhatsApp-Image-2024-09-18-at-8.45.53-AM.jpeg 512w, https:\/\/lamarquesaecuador.com\/wp-content\/uploads\/2024\/09\/cropped-WhatsApp-Image-2024-09-18-at-8.45.53-AM-300x300.jpeg 300w, https:\/\/lamarquesaecuador.com\/wp-content\/uploads\/2024\/09\/cropped-WhatsApp-Image-2024-09-18-at-8.45.53-AM-150x150.jpeg 150w, https:\/\/lamarquesaecuador.com\/wp-content\/uploads\/2024\/09\/cropped-WhatsApp-Image-2024-09-18-at-8.45.53-AM-430x430.jpeg 430w, https:\/\/lamarquesaecuador.com\/wp-content\/uploads\/2024\/09\/cropped-WhatsApp-Image-2024-09-18-at-8.45.53-AM-270x270.jpeg 270w, https:\/\/lamarquesaecuador.com\/wp-content\/uploads\/2024\/09\/cropped-WhatsApp-Image-2024-09-18-at-8.45.53-AM-192x192.jpeg 192w, https:\/\/lamarquesaecuador.com\/wp-content\/uploads\/2024\/09\/cropped-WhatsApp-Image-2024-09-18-at-8.45.53-AM-180x180.jpeg 180w, https:\/\/lamarquesaecuador.com\/wp-content\/uploads\/2024\/09\/cropped-WhatsApp-Image-2024-09-18-at-8.45.53-AM-32x32.jpeg 32w\" sizes=\"(max-width: 512px) 100vw, 512px\" \/>\t\t\t\t\t\t\t\t\t\t\t\t\t<\/div>\n\t\t\t\t<\/div>\n\t\t\t\t<\/div>\n\t\t<div class=\"elementor-element elementor-element-d7b7e79 e-con-full e-flex e-con e-child\" data-id=\"d7b7e79\" data-element_type=\"container\">\n\t\t\t\t<div class=\"elementor-element elementor-element-29f0f73 elementor-widget elementor-widget-wd_text_block\" data-id=\"29f0f73\" data-element_type=\"widget\" data-widget_type=\"wd_text_block.default\">\n\t\t\t\t<div class=\"elementor-widget-container\">\n\t\t\t\t\t<div class=\"wd-text-block reset-last-child text-left color-scheme-dark\">\n\t\t\t\n\t\t\t<p>Finca La Marquesa is born with the dream of export coffee Ecuadorian around the world in the year 2015, before this Edilberto Lion, Lion, father of Ximena Le\u00f3n (CEO of THE MARQUISE), he worked in coffee for more than 60 years, being one of the merchants of green coffee-largest South of the Equator, Ximena, being the first daughter of Edilberto and Lucrecia, he grew up with that passion and determination to be able to work in coffee, in 2015, heard about the special coffee and this took force in Ecuador so that traveled to Quito, where they met Olger and his wife, whom he spoke of BOURBON CIDER and TYPICA IMPROVED which would change the history of Ecuador, were excited, so they prepared their farm in the Province of Loja in the area of San Pedro de Vilcabamba to plant 3 acres of coffee which is maintained until today, has been a long road and complicated these years trying to produce high quality coffees.<\/p><p>After some years of experimenting with nutrition and organic fertilizers that Ximena and Hubert performed by your account in the estate, the knowledge gained with the passing of the years, academic training, and more, have been able to render high quality coffees and these grains are slowly traveling the world together with their history.<\/p><p>Ximena and Hubert have 6 children of which 4 of them work in coffee, in recent years, after much hard work, effort and sacrifice, have your coffee shop in the city, and in the same way with its processing Plant cafe, where they process their coffees and also more cafes friends coffee lovers.<\/p><p>His third Son, Hubert Jr. it was formed and has long studied the coffee industry being: Barista, Roaster, taster SCA, taster Q Arabica Grader, is in charge of analyzing in the laboratory of the company of all the coffees are processed on-farm and farm partners.<\/p><p>Finca La Marquesa developing a program of collaboration with more producers where they have a window through our foreign clients to sell cafes at a fair price to the producer, these coffees are processed in a processing plant of Ximena and Hubert, call KAFFEEMARQ which is located just in front of the large cerro MANDANGO a very famous mountain in Ecuador.<\/p><p>Finca La Marquesa is committed to the elevations of ecuador which shares its expertise with more producers who are looking for this big dream of export their crop.<\/p>\n\t\t\t\t\t<\/div>\n\t\t\t\t<\/div>\n\t\t\t\t<\/div>\n\t\t\t\t<\/div>\n\t\t\t\t\t<\/div>\n\t\t\t\t<\/div>\n\t\t\t\t<\/div>","protected":false},"excerpt":{"rendered":"<p>EL SUE\u00d1O Finca La Marquesa nace con el sue\u00f1o de exportar caf\u00e9 Ecuatoriano a todo el mundo en el a\u00f1o<\/p>","protected":false},"author":1,"featured_media":0,"parent":0,"menu_order":0,"comment_status":"closed","ping_status":"closed","template":"","meta":{"footnotes":""},"class_list":["post-4400","page","type-page","status-publish","hentry"],"_links":{"self":[{"href":"https:\/\/lamarquesaecuador.com\/en\/wp-json\/wp\/v2\/pages\/4400","targetHints":{"allow":["GET"]}}],"collection":[{"href":"https:\/\/lamarquesaecuador.com\/en\/wp-json\/wp\/v2\/pages"}],"about":[{"href":"https:\/\/lamarquesaecuador.com\/en\/wp-json\/wp\/v2\/types\/page"}],"author":[{"embeddable":true,"href":"https:\/\/lamarquesaecuador.com\/en\/wp-json\/wp\/v2\/users\/1"}],"replies":[{"embeddable":true,"href":"https:\/\/lamarquesaecuador.com\/en\/wp-json\/wp\/v2\/comments?post=4400"}],"version-history":[{"count":8,"href":"https:\/\/lamarquesaecuador.com\/en\/wp-json\/wp\/v2\/pages\/4400\/revisions"}],"predecessor-version":[{"id":15697,"href":"https:\/\/lamarquesaecuador.com\/en\/wp-json\/wp\/v2\/pages\/4400\/revisions\/15697"}],"wp:attachment":[{"href":"https:\/\/lamarquesaecuador.com\/en\/wp-json\/wp\/v2\/media?parent=4400"}],"curies":[{"name":"wp","href":"https:\/\/api.w.org\/{rel}","templated":true}]}}